{"id":3,"date":"2021-01-07T07:12:49","date_gmt":"2021-01-07T07:12:49","guid":{"rendered":"https:\/\/www.xylent.pl\/FS5300\/?page_id=3"},"modified":"2024-06-17T06:45:00","modified_gmt":"2024-06-17T05:45:00","slug":"polityka-prywatnosci","status":"publish","type":"page","link":"https:\/\/www.xylent.pl\/FS5300\/polityka-prywatnosci\/","title":{"rendered":"Polityka prywatno\u015bci"},"content":{"rendered":"\n<h3 class=\"wp-block-heading\"><br>I. Przetwarzanie danych osobowych<\/h3>\n\n\n\n<ol>\n<li><strong>Administrator Danych Osobowych<\/strong> Administratorem Twoich danych osobowych jest firma &#8222;Xylent sp. z o.o.\u201d, z siedzib\u0105 we Wroc\u0142awiu 50-559, przy ul. \u015awieradowska 51\/57\/102A, wpisana do Krajowego Rejestru S\u0105dowego przez S\u0105d Rejonowy dla Wroc\u0142awia Fabrycznej we Wroc\u0142awiu, VI Wydzia\u0142 Gospodarczy Krajowego Rejestru S\u0105dowego, pod numerem KRS 0000416104, REGON: 021847390, NIP: 899-27-34-748, adres poczty elektronicznej biuro@xylent.pl, numer tel. +48 71 723 42 45.<\/li>\n\n\n\n<li><strong>Inspektor Ochrony Danych<\/strong> Powo\u0142any przez Administratora Inspektor Ochrony Danych urz\u0119duje w siedzibie Administratora pod adresem: &#8222;Xylent sp. z o.o.&#8221;, ul. \u015awieradowska 51\/57\/102A, 50-559 Wroc\u0142aw, adres poczty elektronicznej biuro@xylent.pl, numer tel. +48 71 723 42 45.<\/li>\n\n\n\n<li><strong>Cele przetwarzania danych osobowych<\/strong> Przetwarzanie Twoich danych osobowych mo\u017ce odbywa\u0107 si\u0119 w nast\u0119puj\u0105cych celach: <br><br>a) <strong>Cel przetwarzania:<\/strong> Wszelkie czynno\u015bci zwi\u0105zane z przygotowaniem, zawarciem, nale\u017cytym wykonaniem i rozwi\u0105zaniem um\u00f3w.<br> <strong>Okres przetwarzania:<\/strong> Do czasu zako\u0144czenia umowy, a po tym czasie, w innych celach zwi\u0105zanych z umow\u0105 np. okres zabezpieczenia ewentualnych roszcze\u0144.<br> <strong>Podstawa prawna:<\/strong> Rozporz\u0105dzenie, art. 6 ust. 1 lit. b). <br><br>b) <strong>Cel przetwarzania:<\/strong> Wszelkie czynno\u015bci zwi\u0105zane z przygotowaniem, zawarciem, nale\u017cytym wykonaniem i rozwi\u0105zaniem um\u00f3w, kt\u00f3rych nie jeste\u015b stron\u0105.<br> <strong>Okres przetwarzania:<\/strong> Do czasu zako\u0144czenia umowy, a po tym czasie, w innych celach zwi\u0105zanych z umow\u0105 np. okres zabezpieczenia ewentualnych roszcze\u0144.<br> <strong>Podstawa prawna:<\/strong> Rozporz\u0105dzenie, art. 6 ust. 1 lit. f). <br><br>c) <strong>Cel przetwarzania:<\/strong> Realizacja dzia\u0142a\u0144  prowadzonych na podstawie udzielonych zg\u00f3d w tym: informowanie o  Administratorze i o jego dzia\u0142alno\u015bci, marketing realizowany poprzez  kana\u0142y elektroniczne i telefon, przygotowywanie i wysy\u0142anie zam\u00f3wionych  ofert handlowych, odpowiedzi na wiadomo\u015bci wysy\u0142ane za po\u015brednictwem  strony internetowej Administratora.<br> <strong>Okres przetwarzania:<\/strong> Do czasu wycofania udzielonych zg\u00f3d.<br> <strong>Podstawa prawna:<\/strong> Rozporz\u0105dzenie, art. 6 ust. 1 lit. a). W odniesieniu do sytuacji z punkt\u00f3w 3 lit. a-b, podanie danych  osobowych jest dobrowolne, ale konieczne do realizacji wskazanych cel\u00f3w. <br><\/li>\n\n\n\n<li><strong>\u0179r\u00f3d\u0142a pozyskiwania danych osobowych<\/strong> Przetwarzamy Twoje dane osobowe pozyskane bezpo\u015brednio od Ciebie (np.  dane podane na formularzach), a tak\u017ce pozyskane z innych \u017ar\u00f3de\u0142  dost\u0119pnych publicznie, np. Krajowego Rejestru S\u0105dowego (KRS), Centralnej  Ewidencji Informacji o Dzia\u0142alno\u015bci Gospodarczej (CEIDG) i bazy REGON. <\/li>\n\n\n\n<li><strong>Odbiorcy danych osobowych<\/strong> Odbiorcami Twoich danych osobowych mog\u0105 by\u0107:<br> a) organy publiczne lub podmioty uprawnione do \u017c\u0105dania dost\u0119pu lub otrzymania danych osobowych na podstawie przepis\u00f3w prawa,<br>  b) podmioty, kt\u00f3rym Administrator powierzy\u0142 przetwarzanie danych  osobowych na podstawie zawartych um\u00f3w, np. biura rachunkowe, kancelarie  prawne, drukarnie, dostawcy przesy\u0142ek kurierskich, dostawcy us\u0142ug IT i  innych us\u0142ug przetwarzaj\u0105cy dane w imieniu Administratora,<br> c) podmioty, wobec kt\u00f3rych wyrazi\u0142e\u015b zgod\u0119 na udost\u0119pnienie i przetwarzanie swoich danych osobowych. Administrator nie b\u0119dzie przekazywa\u0107 Twoich danych osobowych do pa\u0144stwa trzeciego lub organizacji mi\u0119dzynarodowych. <\/li>\n\n\n\n<li><strong>Okres przechowywania danych<\/strong> Twoje dane osobowe b\u0119d\u0105 przechowywane przez okres wsp\u00f3\u0142pracy z Tob\u0105  lub Podmiotem, kt\u00f3rego jeste\u015b reprezentantem. Po tym czasie, przez okres  przedawnienia roszcze\u0144 zwi\u0105zanych z t\u0105 wsp\u00f3\u0142prac\u0105 lub okres niezb\u0119dny  do realizacji obowi\u0105zk\u00f3w na\u0142o\u017conych powszechnie obowi\u0105zuj\u0105cymi  przepisami prawa. Twoje dane osobowe przetwarzane na podstawie zgody b\u0119d\u0105 przechowywane  przez okres jej obowi\u0105zywania tj. a\u017c do momentu jej cofni\u0119cia. Po tym  czasie, przez okres niezb\u0119dny do realizacji obowi\u0105zk\u00f3w na\u0142o\u017conych  powszechnie obowi\u0105zuj\u0105cymi przepisami prawa. <\/li>\n\n\n\n<li><strong>Uprawnienia<\/strong> Przys\u0142uguje Ci prawo do:<br> a) \u017c\u0105dania dost\u0119pu do danych osobowych dotycz\u0105cych Twojej osoby,<br> b) \u017c\u0105dania sprostowania danych osobowych dotycz\u0105cych Twojej osoby,<br> c) \u017c\u0105dania usuni\u0119cia lub ograniczenia przetwarzania danych osobowych dotycz\u0105cych Twojej osoby,<br> d) wniesienia sprzeciwu wobec przetwarzania danych osobowych dotycz\u0105cych Twojej osoby,<br> e) \u017c\u0105dania przenoszenia danych osobowych dotycz\u0105cych Twojej osoby,<br>  f) wniesienia skargi do Organu Nadzorczego (Prezes Urz\u0119du Ochrony  Danych Osobowych, wcze\u015bniej Generalny Inspektor Ochrony Danych  Osobowych) Szczeg\u00f3\u0142owy zakres Twoich uprawnie\u0144 jako osoby, kt\u00f3rej dotycz\u0105 dane  osobowe jest zawarty w Rozdziale III RODO pt. &#8222;Prawa osoby, kt\u00f3rej dane  dotycz\u0105&#8221;. <\/li>\n\n\n\n<li><strong>Zautomatyzowane podejmowanie decyzji<\/strong> Twoje dane osobowe b\u0119d\u0105 przetwarzane w spos\u00f3b zautomatyzowany lub  cz\u0119\u015bciowo zautomatyzowany. Nie b\u0119d\u0105 jednak s\u0142u\u017cy\u0142y podejmowaniu decyzji,  kt\u00f3re opieraj\u0105 si\u0119 wy\u0142\u0105cznie na zautomatyzowanym przetwarzaniu, w&nbsp;tym  na profilowaniu. <\/li>\n\n\n\n<li><strong>Zmiany polityki<\/strong> Administrator zastrzega sobie prawo zmiany niniejszej polityki oraz jego aktualizacji. <\/li>\n<\/ol>\n\n\n\n<h3 class=\"wp-block-heading\">II. Polityka plik\u00f3w Cookies<\/h3>\n\n\n\n<p>&#8222;Cookies&#8221; to to niewielkie pliki tekstowe zawieraj\u0105ce dane \ninformatyczne przechowywane w urz\u0105dzeniach u\u017cytkownik\u00f3w, kt\u00f3re \nprzeznaczone s\u0105 do korzystania ze stron internetowych. &#8222;Cookies&#8221; \npozwalaj\u0105 m.in. wy\u015bwietla\u0107 strony internetowe dostosowane do \nindywidualnych preferencji i zawieraj\u0105 najcz\u0119\u015bciej adres strony \ninternetowej, czas przechowywania na urz\u0105dzeniu u\u017cytkownika oraz w\u0142asny \nunikatowy identyfikator.&nbsp;<\/p>\n\n\n\n<p>Stosujemy Cookies <strong>sesyjne<\/strong> (tymczasowe) oraz <strong>sta\u0142e<\/strong>.\n Cookies sesyjne przechowywane s\u0105 na urz\u0105dzeniu u\u017cytkownika do \nwylogowania ze strony internetowej lub wy\u0142\u0105czenia przegl\u0105darki \ninternetowej. Z kolei &#8222;Cookies&#8221; sta\u0142e przechowywane s\u0105 przez \nzdefiniowany czas, kt\u00f3ry okre\u015blany jest parametr zawarty w pliku \n&#8222;Cookies&#8221;.<\/p>\n\n\n\n<p>Informacji zawartych w plikach &#8222;Cookies&#8221; u\u017cywamy w celu m.in do \nudost\u0119pniania r\u00f3\u017cnego rodzaju narz\u0119dzi i funkcjonalno\u015bci strony \ninternetowej oraz w celu gromadzenia og\u00f3lnych danych statystycznych. To \npozwala nam identyfikowa\u0107 spos\u00f3b korzystania u\u017cytkownik\u00f3w ze strony \ninternetowej i daje mo\u017cliwo\u015b\u0107 ulepszania jej budowy oraz zawarto\u015bci. \nPodkre\u015blamy, \u017ce dane osobowe gromadzone przy u\u017cyciu plik\u00f3w &#8222;Cookies&#8221; s\u0105 \nzaszyfrowane w spos\u00f3b uniemo\u017cliwiaj\u0105cy dost\u0119p do nich osobom \nnieuprawnionym.&nbsp;Uniemo\u017cliwiaj\u0105 r\u00f3wnie\u017c personaln\u0105 identyfikacj\u0119 \nu\u017cytkownika.<\/p>\n\n\n\n<p>W przegl\u0105darce internetowej mo\u017cna zmieni\u0107 ustawienia dotycz\u0105ce &#8222;Cookies&#8221; oraz <strong>dokona\u0107 ich r\u0119cznego usuni\u0119cia<\/strong>.\n W\u0142a\u015bciwe informacje o obs\u0142udze plik\u00f3w &#8222;Cookies&#8221; oraz mo\u017cliwych \nkonfiguracjach dost\u0119pne s\u0105 w ustawieniach, zale\u017cnie od rodzaju \nprzegl\u0105darki.<\/p>\n\n\n\n<p>Szczeg\u00f3\u0142owe informacje na temat zmiany ustawie\u0144 dotycz\u0105cych plik\u00f3w \n&#8222;Cookies&#8221; oraz ich samodzielnego usuwania w najpopularniejszych \nprzegl\u0105darkach internetowych dost\u0119pne s\u0105 w dziale pomocy przegl\u0105darki \ninternetowej oraz na poni\u017cszych stronach:<\/p>\n\n\n\n<ul>\n<li><a href=\"https:\/\/support.google.com\/chrome\/answer\/95647?hl=pl\" target=\"_blank\" rel=\"noreferrer noopener nofollow\">Chrome<\/a><\/li>\n\n\n\n<li><a href=\"https:\/\/support.mozilla.org\/pl\/kb\/ciasteczka?esab=a&amp;s=ciasteczka&amp;r=0&amp;as=st%20Explorer Opera Safari Microsoft Edge\" target=\"_blank\" rel=\"noreferrer noopener nofollow\">Firefox<\/a><\/li>\n\n\n\n<li><a href=\"https:\/\/support.microsoft.com\/pl-pl\/help\/17442\/windows-internet-explorer-delete-manage-cookies\" target=\"_blank\" rel=\"noreferrer noopener nofollow\">Internet Explorer<\/a><\/li>\n\n\n\n<li><a href=\"http:\/\/help.opera.com\/Windows\/12.10\/pl\/cookies.html\" target=\"_blank\" rel=\"noreferrer noopener nofollow\">Opera<\/a><\/li>\n\n\n\n<li><a href=\"https:\/\/support.apple.com\/pl-pl\/HT201265\" target=\"_blank\" rel=\"noreferrer noopener nofollow\">Safari<\/a><\/li>\n\n\n\n<li><a href=\"https:\/\/support.microsoft.com\/pl-pl\/help\/10607\/microsoft-edge-view-delete-browser-history\" target=\"_blank\" rel=\"noreferrer noopener nofollow\">Microsoft Edge<\/a><\/li>\n<\/ul>\n","protected":false},"excerpt":{"rendered":"<p>I. Przetwarzanie danych osobowych II. Polityka plik\u00f3w Cookies &#8222;Cookies&#8221; to to niewielkie pliki tekstowe zawieraj\u0105ce dane informatyczne przechowywane w urz\u0105dzeniach u\u017cytkownik\u00f3w, kt\u00f3re przeznaczone s\u0105 do korzystania ze stron internetowych. &#8222;Cookies&#8221; pozwalaj\u0105 m.in. wy\u015bwietla\u0107 strony internetowe dostosowane do indywidualnych preferencji i zawieraj\u0105 najcz\u0119\u015bciej adres strony internetowej, czas przechowywania na urz\u0105dzeniu u\u017cytkownika oraz w\u0142asny unikatowy identyfikator.&nbsp; Stosujemy [&hellip;]<\/p>\n","protected":false},"author":7,"featured_media":0,"parent":0,"menu_order":0,"comment_status":"closed","ping_status":"closed","template":"","meta":{"_acf_changed":false,"footnotes":""},"acf":[],"_links":{"self":[{"href":"https:\/\/www.xylent.pl\/FS5300\/wp-json\/wp\/v2\/pages\/3"}],"collection":[{"href":"https:\/\/www.xylent.pl\/FS5300\/wp-json\/wp\/v2\/pages"}],"about":[{"href":"https:\/\/www.xylent.pl\/FS5300\/wp-json\/wp\/v2\/types\/page"}],"author":[{"embeddable":true,"href":"https:\/\/www.xylent.pl\/FS5300\/wp-json\/wp\/v2\/users\/7"}],"replies":[{"embeddable":true,"href":"https:\/\/www.xylent.pl\/FS5300\/wp-json\/wp\/v2\/comments?post=3"}],"version-history":[{"count":4,"href":"https:\/\/www.xylent.pl\/FS5300\/wp-json\/wp\/v2\/pages\/3\/revisions"}],"predecessor-version":[{"id":932,"href":"https:\/\/www.xylent.pl\/FS5300\/wp-json\/wp\/v2\/pages\/3\/revisions\/932"}],"wp:attachment":[{"href":"https:\/\/www.xylent.pl\/FS5300\/wp-json\/wp\/v2\/media?parent=3"}],"curies":[{"name":"wp","href":"https:\/\/api.w.org\/{rel}","templated":true}]}}